{"id":67,"date":"2023-10-19T15:10:07","date_gmt":"2023-10-19T15:10:07","guid":{"rendered":"https:\/\/clinicaatlanticacr.com\/?page_id=67"},"modified":"2023-11-08T23:17:10","modified_gmt":"2023-11-08T23:17:10","slug":"medicina-general","status":"publish","type":"page","link":"https:\/\/clinicaatlanticacr.com\/index.php\/medicina-general\/","title":{"rendered":"Medicina general"},"content":{"rendered":"<p>La medicina general es el primer punto de contacto para todo tipo de paciente que desee conocer su estado general de salud, es el responsable de diagnosticar y tratar una amplia variedad de condiciones m\u00e9dicas comunes.<\/p>\n<p>Los principales servicios que brinda el m\u00e9dico general son:<\/p>\n<ol>\n<li><strong>Ex\u00e1menes f\u00edsicos y evaluaciones<\/strong>: Realizar ex\u00e1menes f\u00edsicos completos para evaluar la salud general de los pacientes y detectar posibles problemas m\u00e9dicos.<\/li>\n<li><strong>Diagn\u00f3stico y tratamiento<\/strong>: Identificar y diagnosticar enfermedades y afecciones comunes, as\u00ed como proporcionar tratamiento o derivar a un especialista seg\u00fan sea necesario.<\/li>\n<li><strong>Gesti\u00f3n de enfermedades cr\u00f3nicas<\/strong>: Manejar y dar seguimiento a enfermedades cr\u00f3nicas como la diabetes, la hipertensi\u00f3n y otras condiciones de salud a largo plazo.<\/li>\n<li><strong>Promoci\u00f3n de la salud y prevenci\u00f3n de enfermedades<\/strong>: Ofrecer orientaci\u00f3n sobre pr\u00e1cticas saludables,<\/li>\n<li><strong>Observaci\u00f3n e internamiento: <\/strong>Atenci\u00f3n continua o cuidados hospitalarios<\/li>\n<li><strong>Electrocardiogramas: <\/strong>El m\u00e9dico general puede evaluar la salud del coraz\u00f3n y detectar posibles irregularidades en el ritmo card\u00edaco.<\/li>\n<li><strong>Dictamen m\u00e9dico: Los <\/strong>dict\u00e1menes m\u00e9dicos se pueden utilizar para diferentes prop\u00f3sitos legales o administrativos. Incluyen evaluaciones sobre el estado de salud de un individuo, capacidad para realizar ciertas actividades o cualquier otra informaci\u00f3n m\u00e9dica relevante.<\/li>\n<li><strong>Dictamen para licencia: <\/strong>Evaluaci\u00f3n de aptitudes f\u00edsicas y mentales de un individuo para llevar a cabo ciertas actividades.<\/li>\n<li><strong>Papanicolau: <\/strong>Pruebas de Papanicolaou, conocidas como Pap, que son un tipo de examen ginecol\u00f3gico utilizado para detectar.<\/li>\n<\/ol>\n<p><strong>Servicios de Laboratorio Cl\u00ednico a Empresas:<\/strong><\/p>\n<p>Nuestros servicios dirigidos a empresas y organizaciones pueden incluir ex\u00e1menes de detecci\u00f3n de drogas, an\u00e1lisis de salud ocupacional, pruebas de inmunizaci\u00f3n y otros ex\u00e1menes m\u00e9dicos necesarios para el cumplimiento de las regulaciones laborales y la promoci\u00f3n de un ambiente de trabajo. Los resultados de estas pruebas son esenciales para tomar decisiones m\u00e9dicas informadas.<\/p>\n<p>Adem\u00e1s, con nuestros convenios empresariales mediante asociaciones solidaristas y recursos humanos, brindamos facilidades de financiamiento y beneficios familiares con descuentos especiales seg\u00fan acuerdos establecidos.<\/p>\n<p><strong>Servicios de Laboratorio Cl\u00ednico a Pacientes:<\/strong><\/p>\n<p>En nuestra cl\u00ednica, nuestro servicio est\u00e1 dise\u00f1ados para todo paciente que busca pruebas de laboratorio para sus propias necesidades de salud. Pueden incluir an\u00e1lisis de sangre, orina, pruebas de diagn\u00f3stico molecular y otros tipos de pruebas que un m\u00e9dico puede solicitar como parte de una evaluaci\u00f3n de la salud general, diagn\u00f3stico de una condici\u00f3n espec\u00edfica o seguimiento de un tratamiento.<\/p>\n<p><strong>Servicios a Veterinarias:<\/strong><\/p>\n<p>Nuestros ex\u00e1menes de laboratorio para uso veterinario incluyen pruebas de sangre, cultivos, ex\u00e1menes de heces y otros an\u00e1lisis espec\u00edficos para animales seg\u00fan solicitud m\u00e9dica en la evaluaci\u00f3n del estado general las mascotas, animales de granja y animales ex\u00f3ticos.<\/p>\n<p><strong>ESPECIALIDADES M\u00c9DICAS:<\/strong><\/p>\n<ol>\n<li>OTORRINOLARINGOLOGIA<\/li>\n<li>DERMATOLOGIA<\/li>\n<li>GERIATRIA<\/li>\n<li>VASCULAR PERIFERICO<\/li>\n<li>ORTOPEDIA<\/li>\n<li>GINECOLOGIA \/ OBSTETRICIA<\/li>\n<li>NUTRICIONISTA<\/li>\n<li>PEDIATRIA<\/li>\n<li>OFTALMOLOGIA<\/li>\n<li>ENFERMER\u00cdA<\/li>\n<li>CARDIOLOGIA<\/li>\n<li>UROLOGIA<\/li>\n<li>MEDICINA ESTETICA<\/li>\n<li>ASISTENTE ODONTOLOGIA<\/li>\n<li>GASTROENTEROLOGIA<\/li>\n<li>DERMATOLOGIA<\/li>\n<li>NEUMOLOG\u00cdA<\/li>\n<li>FISIOTERAPIA<\/li>\n<li>UROLOGIA<\/li>\n<li>ODONTOLOGIA<\/li>\n<li>OFTALMOLOGIA<\/li>\n<li>IM\u00c1GENES MEDICAS<\/li>\n<li>PSICOLOGIA CLINICA<\/li>\n<li>ORTOPEDIA Y TRAUMATOLOGIA<\/li>\n<\/ol>\n","protected":false},"excerpt":{"rendered":"<p>La medicina general es el primer punto de contacto para todo tipo de paciente que desee conocer su estado general de salud, es el responsable de diagnosticar y tratar una<\/p>\n<p><a href=\"https:\/\/clinicaatlanticacr.com\/index.php\/medicina-general\/\" class=\"more-link\">Continue Reading<span class=\"screen-reader-text\">Medicina general<\/span><\/a><\/p>\n","protected":false},"author":1,"featured_media":0,"parent":0,"menu_order":0,"comment_status":"closed","ping_status":"closed","template":"","meta":{"footnotes":""},"class_list":["post-67","page","type-page","status-publish","hentry"],"_links":{"self":[{"href":"https:\/\/clinicaatlanticacr.com\/index.php\/wp-json\/wp\/v2\/pages\/67","targetHints":{"allow":["GET"]}}],"collection":[{"href":"https:\/\/clinicaatlanticacr.com\/index.php\/wp-json\/wp\/v2\/pages"}],"about":[{"href":"https:\/\/clinicaatlanticacr.com\/index.php\/wp-json\/wp\/v2\/types\/page"}],"author":[{"embeddable":true,"href":"https:\/\/clinicaatlanticacr.com\/index.php\/wp-json\/wp\/v2\/users\/1"}],"replies":[{"embeddable":true,"href":"https:\/\/clinicaatlanticacr.com\/index.php\/wp-json\/wp\/v2\/comments?post=67"}],"version-history":[{"count":8,"href":"https:\/\/clinicaatlanticacr.com\/index.php\/wp-json\/wp\/v2\/pages\/67\/revisions"}],"predecessor-version":[{"id":149,"href":"https:\/\/clinicaatlanticacr.com\/index.php\/wp-json\/wp\/v2\/pages\/67\/revisions\/149"}],"wp:attachment":[{"href":"https:\/\/clinicaatlanticacr.com\/index.php\/wp-json\/wp\/v2\/media?parent=67"}],"curies":[{"name":"wp","href":"https:\/\/api.w.org\/{rel}","templated":true}]}}