{"id":60,"date":"2023-10-19T15:06:54","date_gmt":"2023-10-19T15:06:54","guid":{"rendered":"https:\/\/clinicaatlanticacr.com\/?page_id=60"},"modified":"2023-11-09T01:02:02","modified_gmt":"2023-11-09T01:02:02","slug":"rayos-x","status":"publish","type":"page","link":"https:\/\/clinicaatlanticacr.com\/index.php\/rayos-x\/","title":{"rendered":"Rayos X"},"content":{"rendered":"<p>El departamento de im\u00e1genes m\u00e9dicas cuenta con un personal altamente capacitado y comprometido a proporcionar una excelente atenci\u00f3n a cada paciente.<\/p>\n<p>Brindamos servicios para pacientes ambulatorios y hospitalizados.<\/p>\n<p><img loading=\"lazy\" decoding=\"async\" class=\"alignnone size-full wp-image-39\" src=\"https:\/\/clinicaatlanticacr.com\/wp-content\/uploads\/2023\/10\/03.jpg\" alt=\"\" width=\"1408\" height=\"555\" srcset=\"https:\/\/clinicaatlanticacr.com\/wp-content\/uploads\/2023\/10\/03.jpg 1408w, https:\/\/clinicaatlanticacr.com\/wp-content\/uploads\/2023\/10\/03-300x118.jpg 300w, https:\/\/clinicaatlanticacr.com\/wp-content\/uploads\/2023\/10\/03-1024x404.jpg 1024w, https:\/\/clinicaatlanticacr.com\/wp-content\/uploads\/2023\/10\/03-768x303.jpg 768w\" sizes=\"auto, (max-width: 1408px) 100vw, 1408px\" \/><\/p>\n<p>&nbsp;<\/p>\n<p><strong>Nuestra variedad de radiograf\u00edas incluye:<\/strong><\/p>\n<ul>\n<li>RX HIRTZ DE CRANEO<\/li>\n<li>RX HISTEROSALPINGOGRAFIA<\/li>\n<li>RX HOMBRO AP<\/li>\n<li>RX HOMBRO AP Y AXIAL<\/li>\n<li>RX HOMBRO AP\u00a0 Y OBLICUA<\/li>\n<li>RX HOMBRO AP\u00a0 (AMBOS)<\/li>\n<li>RX HOMBRO AP Y AXIALES (AMBOS)<\/li>\n<li>RX HUMERO\u00a0 AP Y LATERAL COMPARATIVO<\/li>\n<li>RX MAMOGRAFIA BILATERAL (BILATERAL)<\/li>\n<li>RX MANDIBULA AP LATERAL-OBLICUA (BILATERAL)<\/li>\n<li>RX MANO AP Y OBLILCUA<\/li>\n<li>RX MANOS COMPARATIVAS AP Y OBLICUAS.<\/li>\n<li>RX MEDICION DE MIEMBROS INFERIORES<\/li>\n<li>RX MU\u00d1ECA AP Y LATERAL<\/li>\n<li>RX MU\u00d1ECAS COMPARATIVAS AP Y LATERALES<\/li>\n<li>RX PELVIS AP (CADERA- HUESO ILIACO)<\/li>\n<li>RX PELVIS AP (CADERA- HUESO ILIACO)<\/li>\n<li>RX PERFILOGRAFIA<\/li>\n<li>RX PIE AP Y LATERAL<\/li>\n<li>RX PIELOGRAMA INTRAVENOSO<\/li>\n<li>RX PIERNA AP Y LATERAL ( TIBIA Y PERON\u00c9)<\/li>\n<li>RX PIES AP Y OBLICUAS COMPARATIVAS<\/li>\n<li>RX RODILLA AP Y LATERAL<\/li>\n<li>RX RODILLA AP Y LATERAL COMPARATIVAS<\/li>\n<li>RX RODILLAS AXIALES<\/li>\n<li>RX SACRO Y COXIS AP LATERAL<\/li>\n<li>RX SENOS PARANASALES<\/li>\n<li>RX SERIE ESCAFOIDEA<\/li>\n<li>RX SILLA TURCA LATERAL<\/li>\n<li>RX TOBILLO AP Y LATERAL<\/li>\n<li>RX TOBILLOS AP Y LATERALES COMPARATIVOS<\/li>\n<li>RX TORAX OSEO AP Y OBLICUO<\/li>\n<li>RX TORAX PA<\/li>\n<li>RX TRANSITO GRASTROINTESTINAL<\/li>\n<li>RX TORAX AP Y OBLICUOS<\/li>\n<\/ul>\n","protected":false},"excerpt":{"rendered":"<p>El departamento de im\u00e1genes m\u00e9dicas cuenta con un personal altamente capacitado y comprometido a proporcionar una excelente atenci\u00f3n a cada paciente. Brindamos servicios para pacientes ambulatorios y hospitalizados. &nbsp; Nuestra<\/p>\n<p><a href=\"https:\/\/clinicaatlanticacr.com\/index.php\/rayos-x\/\" class=\"more-link\">Continue Reading<span class=\"screen-reader-text\">Rayos X<\/span><\/a><\/p>\n","protected":false},"author":1,"featured_media":0,"parent":0,"menu_order":0,"comment_status":"closed","ping_status":"closed","template":"","meta":{"footnotes":""},"class_list":["post-60","page","type-page","status-publish","hentry"],"_links":{"self":[{"href":"https:\/\/clinicaatlanticacr.com\/index.php\/wp-json\/wp\/v2\/pages\/60","targetHints":{"allow":["GET"]}}],"collection":[{"href":"https:\/\/clinicaatlanticacr.com\/index.php\/wp-json\/wp\/v2\/pages"}],"about":[{"href":"https:\/\/clinicaatlanticacr.com\/index.php\/wp-json\/wp\/v2\/types\/page"}],"author":[{"embeddable":true,"href":"https:\/\/clinicaatlanticacr.com\/index.php\/wp-json\/wp\/v2\/users\/1"}],"replies":[{"embeddable":true,"href":"https:\/\/clinicaatlanticacr.com\/index.php\/wp-json\/wp\/v2\/comments?post=60"}],"version-history":[{"count":2,"href":"https:\/\/clinicaatlanticacr.com\/index.php\/wp-json\/wp\/v2\/pages\/60\/revisions"}],"predecessor-version":[{"id":158,"href":"https:\/\/clinicaatlanticacr.com\/index.php\/wp-json\/wp\/v2\/pages\/60\/revisions\/158"}],"wp:attachment":[{"href":"https:\/\/clinicaatlanticacr.com\/index.php\/wp-json\/wp\/v2\/media?parent=60"}],"curies":[{"name":"wp","href":"https:\/\/api.w.org\/{rel}","templated":true}]}}