{"id":315,"date":"2024-01-18T23:54:30","date_gmt":"2024-01-18T23:54:30","guid":{"rendered":"https:\/\/clinicaatlanticacr.com\/?page_id=315"},"modified":"2024-01-18T23:56:48","modified_gmt":"2024-01-18T23:56:48","slug":"seguros-medicos","status":"publish","type":"page","link":"https:\/\/clinicaatlanticacr.com\/index.php\/seguros-medicos\/","title":{"rendered":"Servicios M\u00e9dicos"},"content":{"rendered":"<p><strong>Seguros m\u00e9dicos: <\/strong><\/p>\n<p>Hemos forjado alianzas estrat\u00e9gicas con las principales compa\u00f1\u00edas de seguros m\u00e9dicos del pa\u00eds. Estas colaboraciones no solo optimizan la experiencia del paciente, sino que tambi\u00e9n establecen un est\u00e1ndar m\u00e1s elevado en la prestaci\u00f3n de servicios de salud.<\/p>\n<p><strong>Convenios empresariales: <\/strong><\/p>\n<p>Hemos establecido s\u00f3lidos convenios empresariales con diversas organizaciones. Estos convenios no solo benefician a los trabajadores, sino que tambi\u00e9n contribuyen al rendimiento y la productividad general en el entorno laboral.<\/p>\n<p>Como beneficios para los colaboradores de las empresas asociadas contamos con descuentos especiales, atenci\u00f3n en sitio de servicios seleccionados, atenci\u00f3n a familiares de primer grado, participaci\u00f3n en ferias de salud entre otras campa\u00f1as exclusivas.<\/p>\n<p>Si desea concretar alguna alianza comercial con nosotros comun\u00edquese con nuestra ejecutiva de servicio al cliente al 6347-856<\/p>\n","protected":false},"excerpt":{"rendered":"<p>Seguros m\u00e9dicos: Hemos forjado alianzas estrat\u00e9gicas con las principales compa\u00f1\u00edas de seguros m\u00e9dicos del pa\u00eds. Estas colaboraciones no solo optimizan la experiencia del paciente, sino que tambi\u00e9n establecen un est\u00e1ndar<\/p>\n<p><a href=\"https:\/\/clinicaatlanticacr.com\/index.php\/seguros-medicos\/\" class=\"more-link\">Continue Reading<span class=\"screen-reader-text\">Servicios M\u00e9dicos<\/span><\/a><\/p>\n","protected":false},"author":1,"featured_media":0,"parent":0,"menu_order":0,"comment_status":"closed","ping_status":"closed","template":"","meta":{"footnotes":""},"class_list":["post-315","page","type-page","status-publish","hentry"],"_links":{"self":[{"href":"https:\/\/clinicaatlanticacr.com\/index.php\/wp-json\/wp\/v2\/pages\/315","targetHints":{"allow":["GET"]}}],"collection":[{"href":"https:\/\/clinicaatlanticacr.com\/index.php\/wp-json\/wp\/v2\/pages"}],"about":[{"href":"https:\/\/clinicaatlanticacr.com\/index.php\/wp-json\/wp\/v2\/types\/page"}],"author":[{"embeddable":true,"href":"https:\/\/clinicaatlanticacr.com\/index.php\/wp-json\/wp\/v2\/users\/1"}],"replies":[{"embeddable":true,"href":"https:\/\/clinicaatlanticacr.com\/index.php\/wp-json\/wp\/v2\/comments?post=315"}],"version-history":[{"count":4,"href":"https:\/\/clinicaatlanticacr.com\/index.php\/wp-json\/wp\/v2\/pages\/315\/revisions"}],"predecessor-version":[{"id":321,"href":"https:\/\/clinicaatlanticacr.com\/index.php\/wp-json\/wp\/v2\/pages\/315\/revisions\/321"}],"wp:attachment":[{"href":"https:\/\/clinicaatlanticacr.com\/index.php\/wp-json\/wp\/v2\/media?parent=315"}],"curies":[{"name":"wp","href":"https:\/\/api.w.org\/{rel}","templated":true}]}}