{"id":233,"date":"2024-01-18T20:51:40","date_gmt":"2024-01-18T20:51:40","guid":{"rendered":"https:\/\/clinicaatlanticacr.com\/?page_id=233"},"modified":"2024-01-18T23:55:24","modified_gmt":"2024-01-18T23:55:24","slug":"servicio-empresarial","status":"publish","type":"page","link":"https:\/\/clinicaatlanticacr.com\/index.php\/servicio-empresarial\/","title":{"rendered":"Servicio empresarial"},"content":{"rendered":"<p>Hemos establecido s\u00f3lidos convenios empresariales con diversas organizaciones. Estos convenios no solo benefician a los trabajadores, sino que tambi\u00e9n contribuyen al rendimiento y la productividad general en el entorno laboral.<\/p>\n<p>Como beneficios para los colaboradores de las empresas asociadas contamos con descuentos especiales, atenci\u00f3n en sitio de servicios seleccionados, atenci\u00f3n a familiares de primer grado, participaci\u00f3n en ferias de salud entre otras campa\u00f1as exclusivas.<\/p>\n<p>Si desea concretar alguna alianza comercial con nosotros comun\u00edquese con nuestra ejecutiva de servicio al cliente al 6347-856<\/p>\n","protected":false},"excerpt":{"rendered":"<p>Hemos establecido s\u00f3lidos convenios empresariales con diversas organizaciones. Estos convenios no solo benefician a los trabajadores, sino que tambi\u00e9n contribuyen al rendimiento y la productividad general en el entorno laboral.<\/p>\n<p><a href=\"https:\/\/clinicaatlanticacr.com\/index.php\/servicio-empresarial\/\" class=\"more-link\">Continue Reading<span class=\"screen-reader-text\">Servicio empresarial<\/span><\/a><\/p>\n","protected":false},"author":1,"featured_media":0,"parent":0,"menu_order":0,"comment_status":"closed","ping_status":"closed","template":"","meta":{"footnotes":""},"class_list":["post-233","page","type-page","status-publish","hentry"],"_links":{"self":[{"href":"https:\/\/clinicaatlanticacr.com\/index.php\/wp-json\/wp\/v2\/pages\/233","targetHints":{"allow":["GET"]}}],"collection":[{"href":"https:\/\/clinicaatlanticacr.com\/index.php\/wp-json\/wp\/v2\/pages"}],"about":[{"href":"https:\/\/clinicaatlanticacr.com\/index.php\/wp-json\/wp\/v2\/types\/page"}],"author":[{"embeddable":true,"href":"https:\/\/clinicaatlanticacr.com\/index.php\/wp-json\/wp\/v2\/users\/1"}],"replies":[{"embeddable":true,"href":"https:\/\/clinicaatlanticacr.com\/index.php\/wp-json\/wp\/v2\/comments?post=233"}],"version-history":[{"count":2,"href":"https:\/\/clinicaatlanticacr.com\/index.php\/wp-json\/wp\/v2\/pages\/233\/revisions"}],"predecessor-version":[{"id":319,"href":"https:\/\/clinicaatlanticacr.com\/index.php\/wp-json\/wp\/v2\/pages\/233\/revisions\/319"}],"wp:attachment":[{"href":"https:\/\/clinicaatlanticacr.com\/index.php\/wp-json\/wp\/v2\/media?parent=233"}],"curies":[{"name":"wp","href":"https:\/\/api.w.org\/{rel}","templated":true}]}}