{"id":159,"date":"2023-11-09T01:03:13","date_gmt":"2023-11-09T01:03:13","guid":{"rendered":"https:\/\/clinicaatlanticacr.com\/?page_id=159"},"modified":"2023-11-09T01:04:44","modified_gmt":"2023-11-09T01:04:44","slug":"especialidades-medicas","status":"publish","type":"page","link":"https:\/\/clinicaatlanticacr.com\/index.php\/especialidades-medicas\/","title":{"rendered":"Especialidades M\u00e9dicas"},"content":{"rendered":"<p>Nuestros m\u00e9dicos especialistas priorizan el brindan una atenci\u00f3n medico diagnostica especializada, centrada en un conjunto de conocimientos y habilidades adquiridas a trav\u00e9s de su amplia experiencia para atender las necesidades de pacientes con gran variedad de afecciones en la salud.<\/p>\n<ol>\n<li>Otorrinolaringolog\u00eda<\/li>\n<li>Dermatolog\u00eda<\/li>\n<li>Geriatr\u00eda<\/li>\n<li>Vascular Perif\u00e9rico<\/li>\n<li>Ortopedia<\/li>\n<li>Ginecolog\u00eda \/ Obstetricia<\/li>\n<li>Nutricionista<\/li>\n<li>Pediatr\u00eda<\/li>\n<li>Enfermer\u00eda<\/li>\n<li>Cardiolog\u00eda<\/li>\n<li>Urolog\u00eda<\/li>\n<li>Odontolog\u00eda<\/li>\n<li>Gastroenterolog\u00eda<\/li>\n<li>Dermatolog\u00eda<\/li>\n<li>Fisioterapia<\/li>\n<li>Optometr\u00eda<\/li>\n<li>Radiolog\u00eda<\/li>\n<li>Psicolog\u00eda<\/li>\n<li>Psiquiatr\u00eda<\/li>\n<li>Ortopedia Y Traumatolog\u00eda<\/li>\n<li>Medicina interna<\/li>\n<li>Terapia de lenguaje<\/li>\n<li>Audiolog\u00eda<\/li>\n<\/ol>\n<p><strong>Cardiolog\u00eda:<\/strong><\/p>\n<ul>\n<li>Medicina Internista<\/li>\n<li>electrocardiogramas<\/li>\n<li>Ecocardiogramas<\/li>\n<li>Mini Ecocardiograma<\/li>\n<li>Pruebas de Esfuerzo<\/li>\n<li>Eco Estr\u00e9s<\/li>\n<li>Eco Dobutamina<\/li>\n<li>Holter<\/li>\n<li>Mini Holter<\/li>\n<li>Mapeo Cardiaco<\/li>\n<\/ul>\n<p><strong>Dermatolog\u00eda:\u00a0 <\/strong><\/p>\n<ul>\n<li>Eczemas<\/li>\n<li>Alopecia<\/li>\n<li>Urticaria<\/li>\n<li>Dermatitis<\/li>\n<li>Psoriasis<\/li>\n<li>Acn\u00e9<\/li>\n<li>Lunares<\/li>\n<li>Hongos<\/li>\n<li>C\u00e1ncer de Piel<\/li>\n<li>Arrugas Da\u00f1o Solares<\/li>\n<li>Lesiones Premalignas<\/li>\n<li>Infecciones en la Piel<\/li>\n<\/ul>\n<p><strong>Ortopedia:<\/strong><\/p>\n<ul>\n<li>Atenci\u00f3n de Fracturas<\/li>\n<li>Reemplazos Articulares<\/li>\n<li>Dolor de Cuello, Espalda, Rodilla y Hombro<\/li>\n<li>Juanetes<\/li>\n<li>Dedos en Gatillo<\/li>\n<li>T\u00fanel del Carpo<\/li>\n<li>Lesiones Deportivas<\/li>\n<li>Tratamiento del Dolor Cr\u00f3nico con Proloterapia<\/li>\n<li>Terapia Peri neural<\/li>\n<li>Plasma rico en Plaquetas<\/li>\n<\/ul>\n<p><strong>Audiolog\u00eda:<\/strong><\/p>\n<ul>\n<li>Audiometr\u00eda Cl\u00ednica<\/li>\n<li>Audiometr\u00eda de Rastreo<\/li>\n<li>Adaptaci\u00f3n Prot\u00e9sica<\/li>\n<li>Pr\u00f3tesis Auditivas<\/li>\n<li>Venta de Bater\u00eda<\/li>\n<li>Protectores de Ruido y Nataci\u00f3n<\/li>\n<\/ul>\n<p><strong>Ginecolog\u00eda:<\/strong><\/p>\n<ul>\n<li>Planificaci\u00f3n Familiar y Anticoncepci\u00f3n<\/li>\n<li>Trastornos Menstruales<\/li>\n<li>Menopausia<\/li>\n<li>Patolog\u00edas mamarias y ov\u00e1ricas<\/li>\n<li>Problemas de incontinencia urinaria<\/li>\n<li>Control Prenatal<\/li>\n<li>Problemas de infertilidad<\/li>\n<li>Papanicolaou (Monocapa)<\/li>\n<li>Colposcopia<\/li>\n<li>Biopsia de C\u00e9rvix<\/li>\n<li>Ultrasonido P\u00e9lvico-Obst\u00e9trico-Transvaginal<\/li>\n<li>Colocaci\u00f3n y retiro de dispositivos anticonceptivos<\/li>\n<\/ul>\n<p><strong>Pediatr\u00eda:<\/strong><\/p>\n<ul>\n<li>Reci\u00e9n Nacidos<\/li>\n<li>Lactantes<\/li>\n<li>Preescolares<\/li>\n<li>Escolares y Adolescentes<\/li>\n<li>Tratamiento Preventivo y Curativo<\/li>\n<\/ul>\n<p><strong>Geriatr\u00eda:<\/strong><\/p>\n<ul>\n<li>Diabetes Mellitus<\/li>\n<li>Demencia Senil<\/li>\n<li>Ca\u00eddas<\/li>\n<li>Depresi\u00f3n<\/li>\n<li>Incontinencia Urinaria<\/li>\n<li>Osteoporosis<\/li>\n<\/ul>\n<p><strong>Terapia de Lenguaje:<\/strong><\/p>\n<ul>\n<li>Estimulaci\u00f3n del Lenguaje<\/li>\n<li>Intervenci\u00f3n en habla, lenguaje y comunicaci\u00f3n<\/li>\n<li>Estimulaci\u00f3n e intervenci\u00f3n en lectura y escritura<\/li>\n<li>Intervenci\u00f3n en trastornos de la fluidez<\/li>\n<li>Estimulaci\u00f3n cognitiva en adulto mayor<\/li>\n<li>Intervenci\u00f3n de \u00e1reas afectadas por da\u00f1o neurol\u00f3gico<\/li>\n<li>Intervenci\u00f3n en trastornos de la voz<\/li>\n<\/ul>\n<p><strong>Vascular Perif\u00e9rico:<\/strong><\/p>\n<ul>\n<li>Consulta Varices<\/li>\n<li>Trombosis<\/li>\n<li>Dolor de Piernas<\/li>\n<li>Flebitis<\/li>\n<li>Enfermedades Arteriales<\/li>\n<li>\u00dalceras<\/li>\n<\/ul>\n<p><strong>Medicina Interna:<\/strong><\/p>\n<ul>\n<li>Diabetes Mellitus<\/li>\n<li>Asma<\/li>\n<li>Cardiopat\u00eda<\/li>\n<li>Hipertensi\u00f3n Arterial<\/li>\n<li>Enfermedad Tiroidea<\/li>\n<\/ul>\n<p><strong>Urolog\u00eda:<\/strong><\/p>\n<ul>\n<li>Vasectom\u00edas<\/li>\n<li>Biopsia de Pr\u00f3stata<\/li>\n<li>Enfermedades Renales<\/li>\n<li>Incontinencia Urinaria<\/li>\n<li>Prostatitis<\/li>\n<li>Insuficiencia Renal<\/li>\n<li>C\u00e1lculos Renales<\/li>\n<\/ul>\n<p><strong>Medicina General:<\/strong><\/p>\n<ul>\n<li>Consulta General<\/li>\n<li>Control Enfermedad Cr\u00f3nica<\/li>\n<li>Nebulizaciones<\/li>\n<li>Dictamen para Licencia<\/li>\n<li>Certificado M\u00e9dico<\/li>\n<li>Cauterizaci\u00f3n de Lunares<\/li>\n<li>Extracci\u00f3n de U\u00f1as<\/li>\n<li>Drenaje de abscesos<\/li>\n<li>Suturas<\/li>\n<li>Cirug\u00eda Menor<\/li>\n<li>Electrocardiograma con interpretaci\u00f3n<\/li>\n<li>Papanicolaou<\/li>\n<\/ul>\n<p><strong>Enfermer\u00eda:<\/strong><\/p>\n<ul>\n<li>Toma de signos<\/li>\n<li>Electrocardiogramas<\/li>\n<li>Lavado de O\u00eddos<\/li>\n<li>Internamientos<\/li>\n<li>Nebulizaciones<\/li>\n<li>Retiro de Suturas<\/li>\n<li>Retiro y cambio de Sondas<\/li>\n<\/ul>\n<p><strong>Psiquiatr\u00eda:<\/strong><\/p>\n<ul>\n<li>Alucinaciones<\/li>\n<li>Crisis de P\u00e1nico<\/li>\n<li>O\u00edr Voces<\/li>\n<li>Ansiedad Inadaptiva<\/li>\n<li>Depresi\u00f3n<\/li>\n<li>Pensamientos Suicidas<\/li>\n<li>Trastornos de Personalidad<\/li>\n<\/ul>\n<p><strong>Psicolog\u00eda:<\/strong><\/p>\n<ul>\n<li>Asesoramiento y orientaci\u00f3n psicol\u00f3gica.<\/li>\n<li>Evaluaciones psicol\u00f3gicas.<\/li>\n<li>Psicopedagog\u00eda<\/li>\n<li>Terapia a Adolescentes y Adultos<\/li>\n<li>Terapia de Pareja<\/li>\n<li>Atenci\u00f3n Individual y grupal<\/li>\n<li>Orientaci\u00f3n vocacional<\/li>\n<\/ul>\n<p><strong>Nutrici\u00f3n:<\/strong><\/p>\n<ul>\n<li>Diabetes<\/li>\n<li>H\u00edgado Graso<\/li>\n<li>Nutrici\u00f3n Deportiva<\/li>\n<li>Control de Peso<\/li>\n<li>Hipertensi\u00f3n Arterial<\/li>\n<\/ul>\n<p><strong>Otorrinolaring\u00f3logo:<\/strong><\/p>\n<ul>\n<li>Enfermedad nasal y de los senos paranasales<\/li>\n<li>Tumores en la cabeza y el cuello<\/li>\n<li>Enfermedad de la tiroides y paratiroides<\/li>\n<li>Problemas con las cuerdas vocales<\/li>\n<li>Amigdalitis y enfermedad adenoamigdalar (en adultos y ni\u00f1os)<\/li>\n<li>Enfermedad de los o\u00eddos<\/li>\n<li>P\u00e9rdida de la audici\u00f3n<\/li>\n<\/ul>\n","protected":false},"excerpt":{"rendered":"<p>Nuestros m\u00e9dicos especialistas priorizan el brindan una atenci\u00f3n medico diagnostica especializada, centrada en un conjunto de conocimientos y habilidades adquiridas a trav\u00e9s de su amplia experiencia para atender las necesidades<\/p>\n<p><a href=\"https:\/\/clinicaatlanticacr.com\/index.php\/especialidades-medicas\/\" class=\"more-link\">Continue Reading<span class=\"screen-reader-text\">Especialidades M\u00e9dicas<\/span><\/a><\/p>\n","protected":false},"author":1,"featured_media":0,"parent":0,"menu_order":0,"comment_status":"closed","ping_status":"closed","template":"","meta":{"footnotes":""},"class_list":["post-159","page","type-page","status-publish","hentry"],"_links":{"self":[{"href":"https:\/\/clinicaatlanticacr.com\/index.php\/wp-json\/wp\/v2\/pages\/159","targetHints":{"allow":["GET"]}}],"collection":[{"href":"https:\/\/clinicaatlanticacr.com\/index.php\/wp-json\/wp\/v2\/pages"}],"about":[{"href":"https:\/\/clinicaatlanticacr.com\/index.php\/wp-json\/wp\/v2\/types\/page"}],"author":[{"embeddable":true,"href":"https:\/\/clinicaatlanticacr.com\/index.php\/wp-json\/wp\/v2\/users\/1"}],"replies":[{"embeddable":true,"href":"https:\/\/clinicaatlanticacr.com\/index.php\/wp-json\/wp\/v2\/comments?post=159"}],"version-history":[{"count":2,"href":"https:\/\/clinicaatlanticacr.com\/index.php\/wp-json\/wp\/v2\/pages\/159\/revisions"}],"predecessor-version":[{"id":162,"href":"https:\/\/clinicaatlanticacr.com\/index.php\/wp-json\/wp\/v2\/pages\/159\/revisions\/162"}],"wp:attachment":[{"href":"https:\/\/clinicaatlanticacr.com\/index.php\/wp-json\/wp\/v2\/media?parent=159"}],"curies":[{"name":"wp","href":"https:\/\/api.w.org\/{rel}","templated":true}]}}