{"id":154,"date":"2023-11-08T23:39:37","date_gmt":"2023-11-08T23:39:37","guid":{"rendered":"https:\/\/clinicaatlanticacr.com\/?page_id=154"},"modified":"2023-11-08T23:39:42","modified_gmt":"2023-11-08T23:39:42","slug":"servicio-medico-e-internamiento","status":"publish","type":"page","link":"https:\/\/clinicaatlanticacr.com\/index.php\/servicio-medico-e-internamiento\/","title":{"rendered":"Servicio m\u00e9dico e internamiento"},"content":{"rendered":"<p>Contamos con una amplia gama de especialidades m\u00e9dicas y servicio de medicina general e internamiento, abordando gran variedad de necesidades de salud y garantizando a nuestros pacientes un acceso a un espectro completo de atenci\u00f3n m\u00e9dica, desde el diagn\u00f3stico y tratamiento de condiciones comunes hasta el manejo de afecciones de mayor gravedad.<\/p>\n<p>Contamos adem\u00e1s con servicio de enfermer\u00eda, brindando cuidados y tratamientos que requieran una supervisi\u00f3n constante en un entorno c\u00f3modo y controlado. Esto puede ser necesario para una amplia variedad de condiciones m\u00e9dicas, desde procedimientos quir\u00fargicos hasta tratamientos intensivos.<\/p>\n<p><strong>Laboratorio Pococ\u00ed<\/strong><\/p>\n<p>Somos un laboratorio con tecnolog\u00eda de punta y personal altamente calificado, brindamos servicios de microbiolog\u00eda, hematolog\u00eda, qu\u00edmica cl\u00ednica, marcadores tumorales, hormonas y muchos m\u00e1s.<\/p>\n<p><strong>Rayos X<\/strong><\/p>\n<p>Contamos con un avanzado servicio de radiolog\u00eda como parte integral de nuestra atenci\u00f3n, permiti\u00e9ndonos realizar estudios de rayos X con precisi\u00f3n y rapidez.<\/p>\n","protected":false},"excerpt":{"rendered":"<p>Contamos con una amplia gama de especialidades m\u00e9dicas y servicio de medicina general e internamiento, abordando gran variedad de necesidades de salud y garantizando a nuestros pacientes un acceso a<\/p>\n<p><a href=\"https:\/\/clinicaatlanticacr.com\/index.php\/servicio-medico-e-internamiento\/\" class=\"more-link\">Continue Reading<span class=\"screen-reader-text\">Servicio m\u00e9dico e internamiento<\/span><\/a><\/p>\n","protected":false},"author":1,"featured_media":0,"parent":0,"menu_order":0,"comment_status":"closed","ping_status":"closed","template":"","meta":{"footnotes":""},"class_list":["post-154","page","type-page","status-publish","hentry"],"_links":{"self":[{"href":"https:\/\/clinicaatlanticacr.com\/index.php\/wp-json\/wp\/v2\/pages\/154","targetHints":{"allow":["GET"]}}],"collection":[{"href":"https:\/\/clinicaatlanticacr.com\/index.php\/wp-json\/wp\/v2\/pages"}],"about":[{"href":"https:\/\/clinicaatlanticacr.com\/index.php\/wp-json\/wp\/v2\/types\/page"}],"author":[{"embeddable":true,"href":"https:\/\/clinicaatlanticacr.com\/index.php\/wp-json\/wp\/v2\/users\/1"}],"replies":[{"embeddable":true,"href":"https:\/\/clinicaatlanticacr.com\/index.php\/wp-json\/wp\/v2\/comments?post=154"}],"version-history":[{"count":2,"href":"https:\/\/clinicaatlanticacr.com\/index.php\/wp-json\/wp\/v2\/pages\/154\/revisions"}],"predecessor-version":[{"id":157,"href":"https:\/\/clinicaatlanticacr.com\/index.php\/wp-json\/wp\/v2\/pages\/154\/revisions\/157"}],"wp:attachment":[{"href":"https:\/\/clinicaatlanticacr.com\/index.php\/wp-json\/wp\/v2\/media?parent=154"}],"curies":[{"name":"wp","href":"https:\/\/api.w.org\/{rel}","templated":true}]}}