{"id":11,"date":"2023-10-19T14:40:26","date_gmt":"2023-10-19T14:40:26","guid":{"rendered":"https:\/\/clinicaatlanticacr.com\/?page_id=11"},"modified":"2024-01-18T22:17:03","modified_gmt":"2024-01-18T22:17:03","slug":"nosotros","status":"publish","type":"page","link":"https:\/\/clinicaatlanticacr.com\/index.php\/nosotros\/","title":{"rendered":"Nosotros"},"content":{"rendered":"<p>Con m\u00e1s de cuatro d\u00e9cadas brindando servicio a la comunidad, Cl\u00ednica Atl\u00e1ntica se ha consolidado como un referente en el cuidado integral de la salud. Nuestro compromiso se sustenta en valores humanos y principios \u00e9ticos, proporcionando servicios de atenci\u00f3n m\u00e9dica de excelente calidad.<\/p>\n<p>Contamos con un distinguido equipo de profesionales m\u00e9dicos que abarcan m\u00e1s de 25 especialidades, respaldados por servicios de enfermer\u00eda, im\u00e1genes m\u00e9dicas, ultrasonidos y laboratorio cl\u00ednico de vanguardia.<\/p>\n<p>En nuestra incansable b\u00fasqueda por alcanzar la m\u00e1xima satisfacci\u00f3n de nuestros pacientes, nos esforzamos por innovar constantemente, mejorando nuestro servicio d\u00eda a d\u00eda. Aprovechamos los avances en tecnolog\u00eda m\u00e9dica y fortalecemos nuestro capital humano para brindar una atenci\u00f3n de salud que supere las expectativas de nuestros pacientes.<\/p>\n<p><strong>MISI\u00d3N<\/strong><\/p>\n<p>Brindar un servicio m\u00e9dico-diagn\u00f3stico de alta calidad a la vanguardia de la innovaci\u00f3n y la tecnolog\u00eda, mediante un equipo de trabajo profesional y comprometido con la salud integral y la satisfacci\u00f3n del paciente.<\/p>\n<p><strong>VISI\u00d3N<\/strong><\/p>\n<p>Ser la mejor cl\u00ednica de referencia en la zona atl\u00e1ntica en atenci\u00f3n m\u00e9dico-diagn\u00f3stica.<\/p>\n<p><strong>VALORES<\/strong><\/p>\n<ul>\n<li>Compromiso<\/li>\n<li>Dedicaci\u00f3n<\/li>\n<li>Calidad<\/li>\n<li>Responsabilidad<\/li>\n<li>\u00c9tica<\/li>\n<\/ul>\n<p><strong>Nuestra filosof\u00eda de trabajo se basa en:<\/strong><\/p>\n<p><strong>Calidad y Excelencia:<\/strong> Impulsamos la formaci\u00f3n continua y el crecimiento profesional de nuestro equipo humano, manteni\u00e9ndonos a la vanguardia de los avances m\u00e9dicos y tecnol\u00f3gicos.<\/p>\n<p><strong>\u00c9tica y Transparencia:<\/strong><\/p>\n<p>Nos comprometemos brindar un entorno de confianza y respeto absoluto con profesionalismo y transparencia en todas nuestras interacciones, ya sea con nuestros pacientes, proveedores o miembros del equipo.<\/p>\n<p><strong>Trabajo en Equipo y Colaboraci\u00f3n:<\/strong><\/p>\n<p>Cultivamos una colaboraci\u00f3n interdisciplinaria que garantiza un enfoque integral con un entorno de trabajo positivo y de apoyo entre los miembros del equipo.<\/p>\n<style type=\"text\/css\" scoped>.rbs_gallery_69f32ce11bb49Spinner{\r\n\t\t\t\tmargin: 50px auto;\r\n\t\t\t\twidth: 50px;\r\n\t\t\t\theight: 40px;\r\n\t\t\t\ttext-align: center;\r\n\t\t\t\tfont-size: 10px;\r\n\t\t\t}\r\n\t\t\t.rbs_gallery_69f32ce11bb49Spinner > div{\r\n\t\t\t  background-color: #333;\r\n\t\t\t  height: 100%;\r\n\t\t\t  width: 6px;\r\n\t\t\t  display: inline-block;\r\n\t\t\t  -webkit-animation: rbs_gallery_69f32ce11bb49-stretchdelay 1.2s infinite ease-in-out;\r\n\t\t\t  animation: rbs_gallery_69f32ce11bb49-stretchdelay 1.2s infinite ease-in-out;\r\n\t\t\t}\r\n\t\t\t.rbs_gallery_69f32ce11bb49Spinner .rbs_gallery_69f32ce11bb49Rect2 {\r\n\t\t\t  -webkit-animation-delay: -1.1s;\r\n\t\t\t  animation-delay: -1.1s;\r\n\t\t\t}\r\n\t\t\t.rbs_gallery_69f32ce11bb49Spinner .rbs_gallery_69f32ce11bb49Rect3 {\r\n\t\t\t  -webkit-animation-delay: -1.0s;\r\n\t\t\t  animation-delay: -1.0s;\r\n\t\t\t}\r\n\t\t\t.rbs_gallery_69f32ce11bb49Spinner .rbs_gallery_69f32ce11bb49Rect4 {\r\n\t\t\t  -webkit-animation-delay: -0.9s;\r\n\t\t\t  animation-delay: -0.9s;\r\n\t\t\t}\r\n\t\t\t.rbs_gallery_69f32ce11bb49Spinner .rbs_gallery_69f32ce11bb49Rect5 {\r\n\t\t\t  -webkit-animation-delay: -0.8s;\r\n\t\t\t  animation-delay: -0.8s;\r\n\t\t\t}\r\n\t\t\t@-webkit-keyframes rbs_gallery_69f32ce11bb49-stretchdelay {\r\n\t\t\t  0%, 40%, 100% { -webkit-transform: scaleY(0.4) }  \r\n\t\t\t  20% { -webkit-transform: scaleY(1.0) }\r\n\t\t\t}\r\n\t\t\t@keyframes rbs_gallery_69f32ce11bb49-stretchdelay {\r\n\t\t\t  0%, 40%, 100% { \r\n\t\t\t    transform: scaleY(0.4);\r\n\t\t\t    -webkit-transform: scaleY(0.4);\r\n\t\t\t  }  20% { \r\n\t\t\t    transform: scaleY(1.0);\r\n\t\t\t    -webkit-transform: scaleY(1.0);\r\n\t\t\t  }\r\n\t\t\t}\r\n\t\t<\/style><div class=\"robo-gallery-wrap robo-gallery-wrap-id172 robo-gallery-grid\" ><div id=\"rbs_gallery_69f32ce11bb49-block-loader\" class=\"rbs_gallery_69f32ce11bb49Spinner\"><div class=\"rbs_gallery_69f32ce11bb49Rect1\"><\/div> <div class=\"rbs_gallery_69f32ce11bb49Rect2\"><\/div> <div class=\"rbs_gallery_69f32ce11bb49Rect3\"><\/div> <div class=\"rbs_gallery_69f32ce11bb49Rect4\"><\/div> <div class=\"rbs_gallery_69f32ce11bb49Rect5\"><\/div><\/div><div id=\"robo_gallery_main_block_rbs_gallery_69f32ce11bb49\" class=\"robogallery-gallery-172\" style=\"width:100%;  display: none;\"><div id=\"rbs_gallery_69f32ce11bb49\" data-options=\"rbs_gallery_69f32ce11bb49\" style=\"width:100%;\" class=\"robo_gallery  \"><div class=\"rbs-img  category172 \" ><div class=\"rbs-img-image   rbs-lightbox \" ><div class=\"rbs-img-thumbs\"  data-thumbnail=\"https:\/\/clinicaatlanticacr.com\/wp-content\/uploads\/2023\/11\/CLINICA-ATLANTICA-GUAPILES-1-300x212.jpg\"  title=\"CLINICA ATLANTICA GUAPILES (1)\"  data-width=\"300\"  data-height=\"212\" ><\/div><div class=\"rbs-img-data-popup\"  data-popup=\"https:\/\/clinicaatlanticacr.com\/wp-content\/uploads\/2023\/11\/CLINICA-ATLANTICA-GUAPILES-1.jpg\"  title=\"CLINICA ATLANTICA GUAPILES (1)\" ><\/div><div class=\"thumbnail-overlay\"><div class=\"rbsTitle \">CLINICA ATLANTICA GUAPILES (1)<\/div><div class=\"rbsIcons\"><i class=\"fa fa-search-plus rbsZoomIcon \" ><\/i><\/div><\/div><\/div><\/div><div class=\"rbs-img  category172 \" ><div class=\"rbs-img-image   rbs-lightbox \" ><div class=\"rbs-img-thumbs\"  data-thumbnail=\"https:\/\/clinicaatlanticacr.com\/wp-content\/uploads\/2023\/11\/CLINICA-ATLANTICA-GUAPILES-2-300x212.jpg\"  title=\"CLINICA ATLANTICA GUAPILES (2)\"  data-width=\"300\"  data-height=\"212\" ><\/div><div class=\"rbs-img-data-popup\"  data-popup=\"https:\/\/clinicaatlanticacr.com\/wp-content\/uploads\/2023\/11\/CLINICA-ATLANTICA-GUAPILES-2.jpg\"  title=\"CLINICA ATLANTICA GUAPILES (2)\" ><\/div><div class=\"thumbnail-overlay\"><div class=\"rbsTitle \">CLINICA ATLANTICA GUAPILES (2)<\/div><div class=\"rbsIcons\"><i class=\"fa fa-search-plus rbsZoomIcon \" ><\/i><\/div><\/div><\/div><\/div><div class=\"rbs-img  category172 \" ><div class=\"rbs-img-image   rbs-lightbox \" ><div class=\"rbs-img-thumbs\"  data-thumbnail=\"https:\/\/clinicaatlanticacr.com\/wp-content\/uploads\/2023\/11\/CLINICA-ATLANTICA-GUAPILES-6-300x212.jpg\"  title=\"CLINICA ATLANTICA GUAPILES (6)\"  data-width=\"300\"  data-height=\"212\" ><\/div><div class=\"rbs-img-data-popup\"  data-popup=\"https:\/\/clinicaatlanticacr.com\/wp-content\/uploads\/2023\/11\/CLINICA-ATLANTICA-GUAPILES-6.jpg\"  title=\"CLINICA ATLANTICA GUAPILES (6)\" ><\/div><div class=\"thumbnail-overlay\"><div class=\"rbsTitle \">CLINICA ATLANTICA GUAPILES (6)<\/div><div class=\"rbsIcons\"><i class=\"fa fa-search-plus rbsZoomIcon \" ><\/i><\/div><\/div><\/div><\/div><\/div><\/div><\/div><script>var rbs_gallery_69f32ce11bb49 = {\"version\":\"5.1.4\",\"id\":172,\"class\":\"id172\",\"roboGalleryDelay\":1000,\"mainContainer\":\"#robo_gallery_main_block_rbs_gallery_69f32ce11bb49\",\"loadingContainer\":\"#rbs_gallery_69f32ce11bb49-block-loader\",\"loadingContainerObj\":\"rbs_gallery_69f32ce11bb49-block-loader\",\"columnWidth\":\"auto\",\"columns\":3,\"resolutions\":[{\"columnWidth\":\"auto\",\"columns\":3,\"maxWidth\":960},{\"columnWidth\":\"auto\",\"columns\":2,\"maxWidth\":650},{\"columnWidth\":\"auto\",\"columns\":1,\"maxWidth\":450}],\"lightboxOptions\":{\"gallery\":{\"enabled\":true,\"tCounter\":\"%curr% of %total%\"}},\"overlayEffect\":\"direction-aware-fade\",\"boxesToLoadStart\":12,\"boxesToLoad\":8,\"waitUntilThumbLoads\":1,\"LoadingWord\":\"Loading...\",\"loadMoreWord\":\"Load More\",\"noMoreEntriesWord\":\"No More Entries\",\"horizontalSpaceBetweenBoxes\":15,\"verticalSpaceBetweenBoxes\":15,\"lazyLoad\":1,\"wrapContainer\":\"#robo-gallery-wrap-rbs_gallery_69f32ce11bb49\"};<\/script>\n","protected":false},"excerpt":{"rendered":"<p>Con m\u00e1s de cuatro d\u00e9cadas brindando servicio a la comunidad, Cl\u00ednica Atl\u00e1ntica se ha consolidado como un referente en el cuidado integral de la salud. Nuestro compromiso se sustenta en<\/p>\n<p><a href=\"https:\/\/clinicaatlanticacr.com\/index.php\/nosotros\/\" class=\"more-link\">Continue Reading<span class=\"screen-reader-text\">Nosotros<\/span><\/a><\/p>\n","protected":false},"author":1,"featured_media":0,"parent":0,"menu_order":0,"comment_status":"closed","ping_status":"closed","template":"","meta":{"footnotes":""},"class_list":["post-11","page","type-page","status-publish","hentry"],"_links":{"self":[{"href":"https:\/\/clinicaatlanticacr.com\/index.php\/wp-json\/wp\/v2\/pages\/11","targetHints":{"allow":["GET"]}}],"collection":[{"href":"https:\/\/clinicaatlanticacr.com\/index.php\/wp-json\/wp\/v2\/pages"}],"about":[{"href":"https:\/\/clinicaatlanticacr.com\/index.php\/wp-json\/wp\/v2\/types\/page"}],"author":[{"embeddable":true,"href":"https:\/\/clinicaatlanticacr.com\/index.php\/wp-json\/wp\/v2\/users\/1"}],"replies":[{"embeddable":true,"href":"https:\/\/clinicaatlanticacr.com\/index.php\/wp-json\/wp\/v2\/comments?post=11"}],"version-history":[{"count":16,"href":"https:\/\/clinicaatlanticacr.com\/index.php\/wp-json\/wp\/v2\/pages\/11\/revisions"}],"predecessor-version":[{"id":203,"href":"https:\/\/clinicaatlanticacr.com\/index.php\/wp-json\/wp\/v2\/pages\/11\/revisions\/203"}],"wp:attachment":[{"href":"https:\/\/clinicaatlanticacr.com\/index.php\/wp-json\/wp\/v2\/media?parent=11"}],"curies":[{"name":"wp","href":"https:\/\/api.w.org\/{rel}","templated":true}]}}